{"id":215,"date":"2022-07-22T09:18:25","date_gmt":"2022-07-22T07:18:25","guid":{"rendered":"https:\/\/aula-testing.ch\/?page_id=215"},"modified":"2026-03-25T14:14:04","modified_gmt":"2026-03-25T13:14:04","slug":"team-dunant","status":"publish","type":"page","link":"https:\/\/aula-jugendlager.ch\/main\/fr\/team-dunant\/","title":{"rendered":"Team Dunant"},"content":{"rendered":"<div class=\"wp-block-aula-team-card\" style=\"--primary-color: #01f8b2; --accent-color: #01f8b2; --text-color: #333333; --overlay-text-color: #FFFFFF;\">\n        <!-- Main Card -->\n        <div class=\"atc-main-card\">\n            <!-- Hero Section -->\n            <div class=\"atc-hero-section\">\n                                    <img decoding=\"async\" src=\"https:\/\/aula-jugendlager.ch\/main\/wp-content\/uploads\/sites\/8\/2025\/06\/IMG_9512-scaled.jpeg\" \n                         alt=\"Team Dunant\" \n                         class=\"atc-hero-image\">\n                                <div class=\"atc-hero-overlay\">\n                    <h1 class=\"atc-hero-title\">Team Dunant<\/h1>\n                <\/div>\n            <\/div>\n            \n            <!-- Content -->\n            <div class=\"atc-content\">\n                <!-- Activities List -->\n                                <div class=\"atc-activities-section\">\n                                        <p class=\"atc-activities-intro\">Team Dunant propose un programme vari\u00e9 autour des premiers secours et du sauvetage. Nos formateurs qualifi\u00e9s transmettent les connaissances n\u00e9cessaires pour sauver des vies de mani\u00e8re pratique et compr\u00e9hensible. De la formation de base aux cours sp\u00e9cialis\u00e9s, nous vous pr\u00e9parons de mani\u00e8re optimale aux situations d'urgence.<\/p>\n                                        \n                    <div class=\"atc-activities-list\">\n                                                <div class=\"atc-activity-item\">\n                            <div class=\"atc-activity-header\">\n                                <svg class=\"atc-activity-icon\" fill=\"currentColor\" viewbox=\"0 0 20 20\">\n                                    <path fill-rule=\"evenodd\" d=\"M10 18a8 8 0 100-16 8 8 0 000 16zm3.707-9.293a1 1 0 00-1.414-1.414L9 10.586 7.707 9.293a1 1 0 00-1.414 1.414l2 2a1 1 0 001.414 0l4-4z\" clip-rule=\"evenodd\"\/>\n                                <\/svg>\n                                <div class=\"atc-activity-content\">\n                                    <h3 class=\"atc-activity-title\">First Aid niveau 1 IVR (y compris cours de secourisme)<\/h3>\n                                                                                                            <p class=\"atc-activity-description\">Cours de base en premiers secours selon les directives en vigueur de l'Office f\u00e9d\u00e9ral des routes (OFROU). Apr\u00e8s avoir r\u00e9ussi ce cours, tu recevras une attestation de premiers secours, valable pendant 6 ans pour les examens de scooter et de voiture.<\/p>\n                                                                    <\/div>\n                            <\/div>\n                        <\/div>\n                                                <div class=\"atc-activity-item\">\n                            <div class=\"atc-activity-header\">\n                                <svg class=\"atc-activity-icon\" fill=\"currentColor\" viewbox=\"0 0 20 20\">\n                                    <path fill-rule=\"evenodd\" d=\"M10 18a8 8 0 100-16 8 8 0 000 16zm3.707-9.293a1 1 0 00-1.414-1.414L9 10.586 7.707 9.293a1 1 0 00-1.414 1.414l2 2a1 1 0 001.414 0l4-4z\" clip-rule=\"evenodd\"\/>\n                                <\/svg>\n                                <div class=\"atc-activity-content\">\n                                    <h3 class=\"atc-activity-title\">R\u00e9animation (BLS-AED-SRC)<\/h3>\n                                                                                                            <p class=\"atc-activity-description\">Apprentissage de la r\u00e9animation cardio-pulmonaire et utilisation du d\u00e9fibrillateur selon les directives SRC<\/p>\n                                                                    <\/div>\n                            <\/div>\n                        <\/div>\n                                                <div class=\"atc-activity-item\">\n                            <div class=\"atc-activity-header\">\n                                <svg class=\"atc-activity-icon\" fill=\"currentColor\" viewbox=\"0 0 20 20\">\n                                    <path fill-rule=\"evenodd\" d=\"M10 18a8 8 0 100-16 8 8 0 000 16zm3.707-9.293a1 1 0 00-1.414-1.414L9 10.586 7.707 9.293a1 1 0 00-1.414 1.414l2 2a1 1 0 001.414 0l4-4z\" clip-rule=\"evenodd\"\/>\n                                <\/svg>\n                                <div class=\"atc-activity-content\">\n                                    <h3 class=\"atc-activity-title\">H\u00e9licopt\u00e8re de d\u00e9monstration de l'arm\u00e9e<\/h3>\n                                                                        <p class=\"atc-activity-subtitle\">Aper\u00e7u du sauvetage a\u00e9rien<\/p>\n                                                                                                            <p class=\"atc-activity-description\">D\u00e9monstration d'un h\u00e9licopt\u00e8re de l'arm\u00e9e avec explications sur le sauvetage a\u00e9rien<\/p>\n                                                                    <\/div>\n                            <\/div>\n                        <\/div>\n                                                <div class=\"atc-activity-item\">\n                            <div class=\"atc-activity-header\">\n                                <svg class=\"atc-activity-icon\" fill=\"currentColor\" viewbox=\"0 0 20 20\">\n                                    <path fill-rule=\"evenodd\" d=\"M10 18a8 8 0 100-16 8 8 0 000 16zm3.707-9.293a1 1 0 00-1.414-1.414L9 10.586 7.707 9.293a1 1 0 00-1.414 1.414l2 2a1 1 0 001.414 0l4-4z\" clip-rule=\"evenodd\"\/>\n                                <\/svg>\n                                <div class=\"atc-activity-content\">\n                                    <h3 class=\"atc-activity-title\">Sport et exercices divers<\/h3>\n                                                                        <p class=\"atc-activity-subtitle\">Applications pratiques<\/p>\n                                                                                                            <p class=\"atc-activity-description\">Diverses activit\u00e9s sportives et exercices pratiques pour approfondir les connaissances en mati\u00e8re de premiers secours<\/p>\n                                                                    <\/div>\n                            <\/div>\n                        <\/div>\n                                            <\/div>\n                <\/div>\n                                \n                <!-- Info Box -->\n                                <div class=\"atc-info-box\">\n                                        <svg class=\"atc-info-icon\" fill=\"currentColor\" viewbox=\"0 0 20 20\">\n                        <path fill-rule=\"evenodd\" d=\"M18 10a8 8 0 11-16 0 8 8 0 0116 0zm-7-4a1 1 0 11-2 0 1 1 0 012 0zM9 9a1 1 0 000 2v3a1 1 0 001 1h1a1 1 0 100-2v-3a1 1 0 00-1-1H9z\" clip-rule=\"evenodd\"\/>\n                    <\/svg>\n                                        <p class=\"atc-info-text\">La formation First Aid niveau 1 IVR comprend le cours de sauveteur ainsi que le BLS-AED-SRC.\nLe certificat de cours de sauveteur est valable 6 ans.\nLe certificat First Aid niveau 1 IVR ainsi que le certificat BLS-AED-SRC sont valables 2 ans chacun.<\/p>\n                <\/div>\n                                \n                <!-- Gallery -->\n                                <div class=\"atc-gallery-section\">\n                    <h2 class=\"atc-gallery-heading\">impressions<\/h2>\n                    <div class=\"atc-gallery-grid\">\n                                                <div class=\"atc-gallery-item\">\n                            <img decoding=\"async\" src=\"https:\/\/aula-jugendlager.ch\/main\/wp-content\/uploads\/sites\/8\/2025\/06\/IMG_9504-scaled.jpeg\" \n                                 alt=\"Galeriebild 1\" \n                                 class=\"atc-gallery-image\"\n                                 loading=\"lazy\">\n                            <div class=\"atc-gallery-overlay\">\n                                <span class=\"atc-gallery-caption\">\n                                    Image 1 sur 3                                <\/span>\n                            <\/div>\n                        <\/div>\n                                                <div class=\"atc-gallery-item\">\n                            <img decoding=\"async\" src=\"https:\/\/aula-jugendlager.ch\/main\/wp-content\/uploads\/sites\/8\/2025\/06\/IMG_9500-scaled.jpeg\" \n                                 alt=\"Galeriebild 2\" \n                                 class=\"atc-gallery-image\"\n                                 loading=\"lazy\">\n                            <div class=\"atc-gallery-overlay\">\n                                <span class=\"atc-gallery-caption\">\n                                    Image 2 sur 3                                <\/span>\n                            <\/div>\n                        <\/div>\n                                                <div class=\"atc-gallery-item\">\n                            <img decoding=\"async\" src=\"https:\/\/aula-jugendlager.ch\/main\/wp-content\/uploads\/sites\/8\/2025\/06\/IMG_9488-scaled.jpeg\" \n                                 alt=\"Galeriebild 3\" \n                                 class=\"atc-gallery-image\"\n                                 loading=\"lazy\">\n                            <div class=\"atc-gallery-overlay\">\n                                <span class=\"atc-gallery-caption\">\n                                    Image 3 sur 3                                <\/span>\n                            <\/div>\n                        <\/div>\n                                            <\/div>\n                <\/div>\n                            <\/div>\n            \n            <!-- Downloads Section - Inside Card -->\n                        <div class=\"atc-downloads-section\">\n                <h2 class=\"atc-downloads-title\">\n                    <svg class=\"atc-downloads-icon\" fill=\"currentColor\" viewbox=\"0 0 20 20\">\n                        <path fill-rule=\"evenodd\" d=\"M3 17a1 1 0 011-1h12a1 1 0 110 2H4a1 1 0 01-1-1zm3.293-7.707a1 1 0 011.414 0L9 10.586V3a1 1 0 112 0v7.586l1.293-1.293a1 1 0 111.414 1.414l-3 3a1 1 0 01-1.414 0l-3-3a1 1 0 010-1.414z\" clip-rule=\"evenodd\"\/>\n                    <\/svg>\n                    T\u00e9l\u00e9chargements Team Dunant                <\/h2>\n                \n                                                        <div class=\"atc-download-group\">\n                                                <h3 class=\"atc-download-category\">T\u00e9l\u00e9chargements Team Dunant<\/h3>\n                                                \n                        <div class=\"atc-download-items\">\n                                                                                            <a href=\"https:\/\/aula-jugendlager.ch\/main\/wp-content\/uploads\/sites\/8\/2026\/03\/Picasso-AULA_2026_Team-Dunant.pdf\" \n                                   class=\"atc-download-link\" \n                                   target=\"_blank\"\n                                   download>\n                                    <svg class=\"atc-download-icon\" fill=\"currentColor\" viewbox=\"0 0 20 20\">\n                                        <path d=\"M9 2a1 1 0 000 2h2a1 1 0 100-2H9z\"\/>\n                                        <path fill-rule=\"evenodd\" d=\"M4 5a2 2 0 012-2 1 1 0 000 2H6a2 2 0 00-2 2v6a2 2 0 002 2h8a2 2 0 002-2V7a2 2 0 00-2-2h-1a1 1 0 100-2h1a4 4 0 014 4v6a4 4 0 01-4 4H6a4 4 0 01-4-4V7a4 4 0 014-4z\" clip-rule=\"evenodd\"\/>\n                                    <\/svg>\n                                    Plans hebdomadaires Team Dunant                                <\/a>\n                                                                                                                            <a href=\"https:\/\/aula-jugendlager.ch\/main\/wp-content\/uploads\/sites\/8\/2026\/03\/AULA_2026_Tagesplaene_Dunant.pdf\" \n                                   class=\"atc-download-link\" \n                                   target=\"_blank\"\n                                   download>\n                                    <svg class=\"atc-download-icon\" fill=\"currentColor\" viewbox=\"0 0 20 20\">\n                                        <path d=\"M9 2a1 1 0 000 2h2a1 1 0 100-2H9z\"\/>\n                                        <path fill-rule=\"evenodd\" d=\"M4 5a2 2 0 012-2 1 1 0 000 2H6a2 2 0 00-2 2v6a2 2 0 002 2h8a2 2 0 002-2V7a2 2 0 00-2-2h-1a1 1 0 100-2h1a4 4 0 014 4v6a4 4 0 01-4 4H6a4 4 0 01-4-4V7a4 4 0 014-4z\" clip-rule=\"evenodd\"\/>\n                                    <\/svg>\n                                    Plans quotidiens \u00c9quipe Dunant                                <\/a>\n                                                                                                                            <a href=\"https:\/\/aula-jugendlager.ch\/main\/wp-content\/uploads\/sites\/8\/2026\/03\/1_Packliste-Team-Dunant-1.pdf\" \n                                   class=\"atc-download-link\" \n                                   target=\"_blank\"\n                                   download>\n                                    <svg class=\"atc-download-icon\" fill=\"currentColor\" viewbox=\"0 0 20 20\">\n                                        <path d=\"M9 2a1 1 0 000 2h2a1 1 0 100-2H9z\"\/>\n                                        <path fill-rule=\"evenodd\" d=\"M4 5a2 2 0 012-2 1 1 0 000 2H6a2 2 0 00-2 2v6a2 2 0 002 2h8a2 2 0 002-2V7a2 2 0 00-2-2h-1a1 1 0 100-2h1a4 4 0 014 4v6a4 4 0 01-4 4H6a4 4 0 01-4-4V7a4 4 0 014-4z\" clip-rule=\"evenodd\"\/>\n                                    <\/svg>\n                                    Liste de colisage Team Dunant                                <\/a>\n                                                                                    <\/div>\n                    <\/div>\n                                                                            <div class=\"atc-download-group\">\n                                                <h3 class=\"atc-download-category\">R\u00e8glements de la classe Dunant<\/h3>\n                                                \n                        <div class=\"atc-download-items\">\n                                                                                            <a href=\"https:\/\/aula-jugendlager.ch\/main\/wp-content\/uploads\/sites\/8\/2023\/07\/Selbst-und-Kameradenhilfe-59_005_d.pdf\" \n                                   class=\"atc-download-link\" \n                                   target=\"_blank\"\n                                   download>\n                                    <svg class=\"atc-download-icon\" fill=\"currentColor\" viewbox=\"0 0 20 20\">\n                                        <path d=\"M9 2a1 1 0 000 2h2a1 1 0 100-2H9z\"\/>\n                                        <path fill-rule=\"evenodd\" d=\"M4 5a2 2 0 012-2 1 1 0 000 2H6a2 2 0 00-2 2v6a2 2 0 002 2h8a2 2 0 002-2V7a2 2 0 00-2-2h-1a1 1 0 100-2h1a4 4 0 014 4v6a4 4 0 01-4 4H6a4 4 0 01-4-4V7a4 4 0 014-4z\" clip-rule=\"evenodd\"\/>\n                                    <\/svg>\n                                    Entraide et aide entre camarades                                <\/a>\n                                                                                                                            <a href=\"https:\/\/aula-jugendlager.ch\/main\/wp-content\/uploads\/sites\/8\/2023\/07\/Der-menschliche-Koerper-59_041_d.pdf\" \n                                   class=\"atc-download-link\" \n                                   target=\"_blank\"\n                                   download>\n                                    <svg class=\"atc-download-icon\" fill=\"currentColor\" viewbox=\"0 0 20 20\">\n                                        <path d=\"M9 2a1 1 0 000 2h2a1 1 0 100-2H9z\"\/>\n                                        <path fill-rule=\"evenodd\" d=\"M4 5a2 2 0 012-2 1 1 0 000 2H6a2 2 0 00-2 2v6a2 2 0 002 2h8a2 2 0 002-2V7a2 2 0 00-2-2h-1a1 1 0 100-2h1a4 4 0 014 4v6a4 4 0 01-4 4H6a4 4 0 01-4-4V7a4 4 0 014-4z\" clip-rule=\"evenodd\"\/>\n                                    <\/svg>\n                                    Le corps humain                                <\/a>\n                                                                                                                            <a href=\"https:\/\/aula-jugendlager.ch\/main\/wp-content\/uploads\/sites\/8\/2023\/07\/Grundschule-fuer-den-Sanitaetsdienst-59_042_d.pdf\" \n                                   class=\"atc-download-link\" \n                                   target=\"_blank\"\n                                   download>\n                                    <svg class=\"atc-download-icon\" fill=\"currentColor\" viewbox=\"0 0 20 20\">\n                                        <path d=\"M9 2a1 1 0 000 2h2a1 1 0 100-2H9z\"\/>\n                                        <path fill-rule=\"evenodd\" d=\"M4 5a2 2 0 012-2 1 1 0 000 2H6a2 2 0 00-2 2v6a2 2 0 002 2h8a2 2 0 002-2V7a2 2 0 00-2-2h-1a1 1 0 100-2h1a4 4 0 014 4v6a4 4 0 01-4 4H6a4 4 0 01-4-4V7a4 4 0 014-4z\" clip-rule=\"evenodd\"\/>\n                                    <\/svg>\n                                    \u00c9cole primaire pour les services m\u00e9dicaux                                <\/a>\n                                                                                    <\/div>\n                    <\/div>\n                                                <\/div>\n                    <\/div>\n    <\/div>\n    \n    \n\n\n<p><\/p>","protected":false},"excerpt":{"rendered":"","protected":false},"author":1,"featured_media":0,"parent":0,"menu_order":101,"comment_status":"closed","ping_status":"closed","template":"","meta":{"footnotes":""},"class_list":["post-215","page","type-page","status-publish","hentry"],"_links":{"self":[{"href":"https:\/\/aula-jugendlager.ch\/main\/fr\/wp-json\/wp\/v2\/pages\/215","targetHints":{"allow":["GET"]}}],"collection":[{"href":"https:\/\/aula-jugendlager.ch\/main\/fr\/wp-json\/wp\/v2\/pages"}],"about":[{"href":"https:\/\/aula-jugendlager.ch\/main\/fr\/wp-json\/wp\/v2\/types\/page"}],"author":[{"embeddable":true,"href":"https:\/\/aula-jugendlager.ch\/main\/fr\/wp-json\/wp\/v2\/users\/1"}],"replies":[{"embeddable":true,"href":"https:\/\/aula-jugendlager.ch\/main\/fr\/wp-json\/wp\/v2\/comments?post=215"}],"version-history":[{"count":47,"href":"https:\/\/aula-jugendlager.ch\/main\/fr\/wp-json\/wp\/v2\/pages\/215\/revisions"}],"predecessor-version":[{"id":6219,"href":"https:\/\/aula-jugendlager.ch\/main\/fr\/wp-json\/wp\/v2\/pages\/215\/revisions\/6219"}],"wp:attachment":[{"href":"https:\/\/aula-jugendlager.ch\/main\/fr\/wp-json\/wp\/v2\/media?parent=215"}],"curies":[{"name":"wp","href":"https:\/\/api.w.org\/{rel}","templated":true}]}}