{"id":541,"date":"2023-01-26T06:24:11","date_gmt":"2023-01-26T05:24:11","guid":{"rendered":"https:\/\/aula-testing.ch\/?page_id=541"},"modified":"2026-03-26T20:02:26","modified_gmt":"2026-03-26T19:02:26","slug":"lager-infos","status":"publish","type":"page","link":"https:\/\/aula-jugendlager.ch\/aula-2-0\/lager-infos\/","title":{"rendered":"Lager-Infos"},"content":{"rendered":"\n<p><strong>Einr\u00fccken:<\/strong> Donnerstag, 09.04.2026, 0930 Uhr<br><strong>Entlassung:<\/strong> Samstag, 11.04.2026, ca.1500 Uhr<br><strong>Ort:<\/strong> Ausbildungszentrum Blankenburg (Zweisimmen)<br><strong>Ausr\u00fcstung:<\/strong> Testatheft \/ Bildungspass, Kleider f\u00fcr 3 Tage (witterungsentsprechend) f\u00fcr draussen und drinnen sowie Wanderschuhe.<br>Warme Kleider zum draussen schlafen. KEIN Schlafsack.<br><br><strong>Kost und Logis:<\/strong><br>Truppenunterkunft der Schweizer Armee. Vollwertige Verpflegung, auf Bed\u00fcrfnisse von <br>Vegetariern und Allergikern wird soweit m\u00f6glich geachtet.<br><br><strong>Kosten und Alter:<\/strong><br>Die Kosten f\u00fcr Unterkunft und Verpflegung, inkl. Lehrmittel, belaufen sich auf 95.00 CHF. <br>Teilnehmen k\u00f6nnen CH-Jugendliche im Alter von 13 bis 22 Jahren.<br><br><strong>Versicherung:<\/strong><br>Dies ist Sache der Teilnehmenden resp. deren Eltern.<br><br><strong>Auskunft<\/strong>:<br>Bei Fragen und f\u00fcr weitere Ausk\u00fcnfte steht dir zur Verf\u00fcgung:<br>Frau Maria Walter, Brunnenwiesenstrasse 42, 8610 Uster Tel. 044 940 12 21, <br>oder per Email <a href=\"mailto:gs@smsv.ch\">gs@smsv.ch<\/a>.<br><br>Alle weiteren, detaillierten Informationen bekommst du nach der Anmeldung.<\/p>\n\n\n\n<p><\/p>\n","protected":false},"excerpt":{"rendered":"<p>Einr\u00fccken: Donnerstag, 09.04.2026, 0930 UhrEntlassung: Samstag, 11.04.2026, ca.1500 UhrOrt: Ausbildungszentrum Blankenburg (Zweisimmen)Ausr\u00fcstung: Testatheft \/ Bildungspass, Kleider f\u00fcr 3 Tage (witterungsentsprechend) f\u00fcr draussen und drinnen sowie Wanderschuhe.Warme Kleider zum draussen schlafen. KEIN Schlafsack. Kost und Logis:Truppenunterkunft der Schweizer Armee. Vollwertige Verpflegung, auf Bed\u00fcrfnisse von Vegetariern und Allergikern wird soweit m\u00f6glich geachtet. Kosten und Alter:Die Kosten f\u00fcr [&hellip;]<\/p>\n","protected":false},"author":1,"featured_media":0,"parent":0,"menu_order":0,"comment_status":"closed","ping_status":"closed","template":"","meta":{"footnotes":""},"class_list":["post-541","page","type-page","status-publish","hentry"],"_links":{"self":[{"href":"https:\/\/aula-jugendlager.ch\/aula-2-0\/wp-json\/wp\/v2\/pages\/541","targetHints":{"allow":["GET"]}}],"collection":[{"href":"https:\/\/aula-jugendlager.ch\/aula-2-0\/wp-json\/wp\/v2\/pages"}],"about":[{"href":"https:\/\/aula-jugendlager.ch\/aula-2-0\/wp-json\/wp\/v2\/types\/page"}],"author":[{"embeddable":true,"href":"https:\/\/aula-jugendlager.ch\/aula-2-0\/wp-json\/wp\/v2\/users\/1"}],"replies":[{"embeddable":true,"href":"https:\/\/aula-jugendlager.ch\/aula-2-0\/wp-json\/wp\/v2\/comments?post=541"}],"version-history":[{"count":10,"href":"https:\/\/aula-jugendlager.ch\/aula-2-0\/wp-json\/wp\/v2\/pages\/541\/revisions"}],"predecessor-version":[{"id":5215,"href":"https:\/\/aula-jugendlager.ch\/aula-2-0\/wp-json\/wp\/v2\/pages\/541\/revisions\/5215"}],"wp:attachment":[{"href":"https:\/\/aula-jugendlager.ch\/aula-2-0\/wp-json\/wp\/v2\/media?parent=541"}],"curies":[{"name":"wp","href":"https:\/\/api.w.org\/{rel}","templated":true}]}}