{"id":541,"date":"2023-01-26T06:24:11","date_gmt":"2023-01-26T05:24:11","guid":{"rendered":"https:\/\/aula-testing.ch\/?page_id=541"},"modified":"2026-03-26T20:02:26","modified_gmt":"2026-03-26T19:02:26","slug":"informazioni-sul-magazzino","status":"publish","type":"page","link":"https:\/\/aula-jugendlager.ch\/aula-2-0\/it\/informazioni-sul-magazzino\/","title":{"rendered":"Informazioni sul magazzino"},"content":{"rendered":"<p><strong>Inserire:<\/strong> Gioved\u00ec, 09.04.2026, ore 9.30<br><strong>Licenziamento:<\/strong> Sabato, 11.04.2026, ore 1500 circa<br><strong>Luogo:<\/strong> Centro di formazione Blankenburg (Zweisimmen)<br><strong>Attrezzatura:<\/strong> Libretto del test \/ pass per l'istruzione, abbigliamento per 3 giorni (tempo permettendo) per l'esterno e l'interno e scarpe da trekking.<br>Abbigliamento caldo per dormire all'aperto. NO sacco a pelo.<br><br><strong>Vitto e alloggio:<\/strong><br>Alloggio delle truppe dell'esercito svizzero. Pasti completi, in base alle esigenze di <br>Si tiene conto, per quanto possibile, delle esigenze dei vegetariani e delle persone allergiche.<br><br><strong>Costi ed et\u00e0:<\/strong><br>I costi di vitto e alloggio, compreso il materiale didattico, ammontano a 95,00 CHF. <br>Possono partecipare i giovani svizzeri di et\u00e0 compresa tra i 13 e i 22 anni.<br><br><strong>Assicurazione:<\/strong><br>Questo \u00e8 compito dei partecipanti o dei loro genitori.<br><br><strong>informazione<\/strong>:<br>Per domande e ulteriori informazioni \u00e8 a tua disposizione:<br>Signora Maria Walter, Brunnenwiesenstrasse 42, 8610 Uster Tel. 044 940 12 21, <br>o via e-mail <a href=\"mailto:gs@smsv.ch\">gs@smsv.ch<\/a>.<br><br>Riceverai tutte le ulteriori informazioni dettagliate dopo la registrazione.<\/p>\n\n\n\n<p><\/p>","protected":false},"excerpt":{"rendered":"<p>Einr\u00fccken: Donnerstag, 09.04.2026, 0930 UhrEntlassung: Samstag, 11.04.2026, ca.1500 UhrOrt: Ausbildungszentrum Blankenburg (Zweisimmen)Ausr\u00fcstung: Testatheft \/ Bildungspass, Kleider f\u00fcr 3 Tage (witterungsentsprechend) f\u00fcr draussen und drinnen sowie Wanderschuhe.Warme Kleider zum draussen schlafen. KEIN Schlafsack. Kost und Logis:Truppenunterkunft der Schweizer Armee. Vollwertige Verpflegung, auf Bed\u00fcrfnisse von Vegetariern und Allergikern wird soweit m\u00f6glich geachtet. Kosten und Alter:Die Kosten f\u00fcr [&hellip;]<\/p>","protected":false},"author":1,"featured_media":0,"parent":0,"menu_order":0,"comment_status":"closed","ping_status":"closed","template":"","meta":{"footnotes":""},"class_list":["post-541","page","type-page","status-publish","hentry"],"_links":{"self":[{"href":"https:\/\/aula-jugendlager.ch\/aula-2-0\/it\/wp-json\/wp\/v2\/pages\/541","targetHints":{"allow":["GET"]}}],"collection":[{"href":"https:\/\/aula-jugendlager.ch\/aula-2-0\/it\/wp-json\/wp\/v2\/pages"}],"about":[{"href":"https:\/\/aula-jugendlager.ch\/aula-2-0\/it\/wp-json\/wp\/v2\/types\/page"}],"author":[{"embeddable":true,"href":"https:\/\/aula-jugendlager.ch\/aula-2-0\/it\/wp-json\/wp\/v2\/users\/1"}],"replies":[{"embeddable":true,"href":"https:\/\/aula-jugendlager.ch\/aula-2-0\/it\/wp-json\/wp\/v2\/comments?post=541"}],"version-history":[{"count":10,"href":"https:\/\/aula-jugendlager.ch\/aula-2-0\/it\/wp-json\/wp\/v2\/pages\/541\/revisions"}],"predecessor-version":[{"id":5215,"href":"https:\/\/aula-jugendlager.ch\/aula-2-0\/it\/wp-json\/wp\/v2\/pages\/541\/revisions\/5215"}],"wp:attachment":[{"href":"https:\/\/aula-jugendlager.ch\/aula-2-0\/it\/wp-json\/wp\/v2\/media?parent=541"}],"curies":[{"name":"wp","href":"https:\/\/api.w.org\/{rel}","templated":true}]}}