{"id":541,"date":"2023-01-26T06:24:11","date_gmt":"2023-01-26T05:24:11","guid":{"rendered":"https:\/\/aula-testing.ch\/?page_id=541"},"modified":"2026-03-26T20:02:26","modified_gmt":"2026-03-26T19:02:26","slug":"informations-sur-le-camp","status":"publish","type":"page","link":"https:\/\/aula-jugendlager.ch\/aula-2-0\/fr\/informations-sur-le-camp\/","title":{"rendered":"Informations sur le camp"},"content":{"rendered":"<p><strong>Entrer :<\/strong> Jeudi, 09.04.2026, 0930 heures<br><strong>Licenciement :<\/strong> Samedi, 11.04.2026, vers 1500 heures<br><strong>Lieu :<\/strong> Centre de formation de Blankenburg (Zweisimmen)<br><strong>\u00c9quipement :<\/strong> Carnet de test \/ passeport de formation, v\u00eatements pour 3 jours (en fonction du temps) pour l'ext\u00e9rieur et l'int\u00e9rieur ainsi que chaussures de marche.<br>Des v\u00eatements chauds pour dormir dehors. PAS de sac de couchage.<br><br><strong>Repas et h\u00e9bergement :<\/strong><br>Quartier militaire de l'arm\u00e9e suisse. Restauration compl\u00e8te, adapt\u00e9e aux besoins des <br>Les v\u00e9g\u00e9tariens et les personnes allergiques sont pris en compte dans la mesure du possible.<br><br><strong>Co\u00fbts et \u00e2ge :<\/strong><br>Les frais d'h\u00e9bergement et de repas, y compris le mat\u00e9riel p\u00e9dagogique, s'\u00e9l\u00e8vent \u00e0 95.00 CHF. <br>Les jeunes Suisses \u00e2g\u00e9s de 13 \u00e0 22 ans peuvent participer.<br><br><strong>Assurance :<\/strong><br>Cela rel\u00e8ve de la responsabilit\u00e9 des participants ou de leurs parents.<br><br><strong>renseignement<\/strong>:<br>Pour toute question ou information compl\u00e9mentaire, n'h\u00e9site pas \u00e0 contacter :<br>Madame Maria Walter, Brunnenwiesenstrasse 42, 8610 Uster T\u00e9l. 044 940 12 21, <br>ou par e-mail <a href=\"mailto:gs@smsv.ch\">gs@smsv.ch<\/a>.<br><br>Tu recevras toutes les informations d\u00e9taill\u00e9es apr\u00e8s ton inscription.<\/p>\n\n\n\n<p><\/p>","protected":false},"excerpt":{"rendered":"<p>Einr\u00fccken: Donnerstag, 09.04.2026, 0930 UhrEntlassung: Samstag, 11.04.2026, ca.1500 UhrOrt: Ausbildungszentrum Blankenburg (Zweisimmen)Ausr\u00fcstung: Testatheft \/ Bildungspass, Kleider f\u00fcr 3 Tage (witterungsentsprechend) f\u00fcr draussen und drinnen sowie Wanderschuhe.Warme Kleider zum draussen schlafen. KEIN Schlafsack. Kost und Logis:Truppenunterkunft der Schweizer Armee. Vollwertige Verpflegung, auf Bed\u00fcrfnisse von Vegetariern und Allergikern wird soweit m\u00f6glich geachtet. Kosten und Alter:Die Kosten f\u00fcr [&hellip;]<\/p>","protected":false},"author":1,"featured_media":0,"parent":0,"menu_order":0,"comment_status":"closed","ping_status":"closed","template":"","meta":{"footnotes":""},"class_list":["post-541","page","type-page","status-publish","hentry"],"_links":{"self":[{"href":"https:\/\/aula-jugendlager.ch\/aula-2-0\/fr\/wp-json\/wp\/v2\/pages\/541","targetHints":{"allow":["GET"]}}],"collection":[{"href":"https:\/\/aula-jugendlager.ch\/aula-2-0\/fr\/wp-json\/wp\/v2\/pages"}],"about":[{"href":"https:\/\/aula-jugendlager.ch\/aula-2-0\/fr\/wp-json\/wp\/v2\/types\/page"}],"author":[{"embeddable":true,"href":"https:\/\/aula-jugendlager.ch\/aula-2-0\/fr\/wp-json\/wp\/v2\/users\/1"}],"replies":[{"embeddable":true,"href":"https:\/\/aula-jugendlager.ch\/aula-2-0\/fr\/wp-json\/wp\/v2\/comments?post=541"}],"version-history":[{"count":10,"href":"https:\/\/aula-jugendlager.ch\/aula-2-0\/fr\/wp-json\/wp\/v2\/pages\/541\/revisions"}],"predecessor-version":[{"id":5215,"href":"https:\/\/aula-jugendlager.ch\/aula-2-0\/fr\/wp-json\/wp\/v2\/pages\/541\/revisions\/5215"}],"wp:attachment":[{"href":"https:\/\/aula-jugendlager.ch\/aula-2-0\/fr\/wp-json\/wp\/v2\/media?parent=541"}],"curies":[{"name":"wp","href":"https:\/\/api.w.org\/{rel}","templated":true}]}}