{"id":541,"date":"2023-01-26T06:24:11","date_gmt":"2023-01-26T05:24:11","guid":{"rendered":"https:\/\/aula-testing.ch\/?page_id=541"},"modified":"2026-03-26T20:02:26","modified_gmt":"2026-03-26T19:02:26","slug":"storage-information","status":"publish","type":"page","link":"https:\/\/aula-jugendlager.ch\/aula-2-0\/en\/storage-information\/","title":{"rendered":"Camp information"},"content":{"rendered":"<p><strong>Indent:<\/strong> Thursday, 09.04.2026, 0930 hrs<br><strong>Dismissal:<\/strong> Saturday, 11.04.2026, approx. 1500 hrs<br><strong>Location:<\/strong> Blankenburg Training Center (Zweisimmen)<br><strong>Equipment:<\/strong> Test booklet \/ education pass, clothes for 3 days (weather permitting) for outdoors and indoors as well as hiking boots.<br>Warm clothes for sleeping outside. NO sleeping bag.<br><br><strong>Board and lodging:<\/strong><br>Swiss Army barracks. Full board, tailored to the needs of <br>Vegetarians and people with allergies are accommodated as far as possible.<br><br><strong>Costs and age:<\/strong><br>The costs for accommodation and meals, including teaching materials, amount to CHF 95.00. <br>Swiss youth aged 13 to 22 are eligible to participate.<br><br><strong>Insurance:<\/strong><br>This is the responsibility of the participants or their parents.<br><br><strong>information<\/strong>:<br>If you have any questions or require further information, please contact:<br>Ms. Maria Walter, Brunnenwiesenstrasse 42, 8610 Uster, Switzerland, Tel. 044 940 12 21, <br>or by email <a href=\"mailto:gs@smsv.ch\">gs@smsv.ch<\/a>.<br><br>You will receive all further detailed information after registration.<\/p>\n\n\n\n<p><\/p>","protected":false},"excerpt":{"rendered":"<p>Einr\u00fccken: Donnerstag, 09.04.2026, 0930 UhrEntlassung: Samstag, 11.04.2026, ca.1500 UhrOrt: Ausbildungszentrum Blankenburg (Zweisimmen)Ausr\u00fcstung: Testatheft \/ Bildungspass, Kleider f\u00fcr 3 Tage (witterungsentsprechend) f\u00fcr draussen und drinnen sowie Wanderschuhe.Warme Kleider zum draussen schlafen. KEIN Schlafsack. Kost und Logis:Truppenunterkunft der Schweizer Armee. Vollwertige Verpflegung, auf Bed\u00fcrfnisse von Vegetariern und Allergikern wird soweit m\u00f6glich geachtet. Kosten und Alter:Die Kosten f\u00fcr [&hellip;]<\/p>","protected":false},"author":1,"featured_media":0,"parent":0,"menu_order":0,"comment_status":"closed","ping_status":"closed","template":"","meta":{"footnotes":""},"class_list":["post-541","page","type-page","status-publish","hentry"],"_links":{"self":[{"href":"https:\/\/aula-jugendlager.ch\/aula-2-0\/en\/wp-json\/wp\/v2\/pages\/541","targetHints":{"allow":["GET"]}}],"collection":[{"href":"https:\/\/aula-jugendlager.ch\/aula-2-0\/en\/wp-json\/wp\/v2\/pages"}],"about":[{"href":"https:\/\/aula-jugendlager.ch\/aula-2-0\/en\/wp-json\/wp\/v2\/types\/page"}],"author":[{"embeddable":true,"href":"https:\/\/aula-jugendlager.ch\/aula-2-0\/en\/wp-json\/wp\/v2\/users\/1"}],"replies":[{"embeddable":true,"href":"https:\/\/aula-jugendlager.ch\/aula-2-0\/en\/wp-json\/wp\/v2\/comments?post=541"}],"version-history":[{"count":10,"href":"https:\/\/aula-jugendlager.ch\/aula-2-0\/en\/wp-json\/wp\/v2\/pages\/541\/revisions"}],"predecessor-version":[{"id":5215,"href":"https:\/\/aula-jugendlager.ch\/aula-2-0\/en\/wp-json\/wp\/v2\/pages\/541\/revisions\/5215"}],"wp:attachment":[{"href":"https:\/\/aula-jugendlager.ch\/aula-2-0\/en\/wp-json\/wp\/v2\/media?parent=541"}],"curies":[{"name":"wp","href":"https:\/\/api.w.org\/{rel}","templated":true}]}}