{"id":35,"date":"2022-07-15T12:47:32","date_gmt":"2022-07-15T10:47:32","guid":{"rendered":"https:\/\/aula-testing.ch\/?page_id=35"},"modified":"2026-01-27T18:10:10","modified_gmt":"2026-01-27T17:10:10","slug":"contact","status":"publish","type":"page","link":"https:\/\/aula-jugendlager.ch\/aula-2-0\/en\/contact\/","title":{"rendered":"Contact"},"content":{"rendered":"<p><strong>office<\/strong><br>The Swiss Military Medical Association (SMSV\u00ae) and the training camp (AULA) are your competent contacts for all aspects of first aid.<br>Do you have any questions about AULA?<br>Are you already too \u00abold\u00bb for the AULA, but would still like to attend a first aid course?<br>Do you require medical services at one of your events?<br>Or would you like to get actively involved with us yourself?<\/p>\n\n\n\n<p>Our office and warehouse managers will be happy to answer any questions you may have.<\/p>\n\n\n\n<p>AULA office<br><a href=\"mailto:info@aula-jugendlager.ch\" target=\"_blank\" rel=\"noreferrer noopener\">info@aula-jugendlager.ch<\/a><\/p>\n\n\n\n<div style=\"height:20px\" aria-hidden=\"true\" class=\"wp-block-spacer\"><\/div>\n\n\n\n\n\n<div style=\"height:20px\" aria-hidden=\"true\" class=\"wp-block-spacer\"><\/div>\n\n\n\n\n\n<p><\/p>","protected":false},"excerpt":{"rendered":"<p>Gesch\u00e4ftsstelleDer Schweizerische Milit\u00e4r-Sanit\u00e4ts-Verband (SMSV\u00ae) und das Ausbildungslager (AULA) sind Ihre kompetenten Ansprechpersonen rund um die Erste Hilfe.Haben Sie Fragen zum AULA?Sie sind f\u00fcr das AULA bereits zu &#171;alt&#187;, m\u00f6chten aber trotzdem einen Sanit\u00e4tskurs besuchen?Ben\u00f6tigen Sie einen Sanit\u00e4tsdienst an einem Ihrer Anl\u00e4sse?Oder m\u00f6chten Sie selber aktiv bei uns &#171;mittun&#187;? F\u00fcr all Ihre Fragen stehen Ihnen unsere [&hellip;]<\/p>","protected":false},"author":1,"featured_media":0,"parent":0,"menu_order":0,"comment_status":"closed","ping_status":"closed","template":"","meta":{"footnotes":""},"class_list":["post-35","page","type-page","status-publish","hentry"],"_links":{"self":[{"href":"https:\/\/aula-jugendlager.ch\/aula-2-0\/en\/wp-json\/wp\/v2\/pages\/35","targetHints":{"allow":["GET"]}}],"collection":[{"href":"https:\/\/aula-jugendlager.ch\/aula-2-0\/en\/wp-json\/wp\/v2\/pages"}],"about":[{"href":"https:\/\/aula-jugendlager.ch\/aula-2-0\/en\/wp-json\/wp\/v2\/types\/page"}],"author":[{"embeddable":true,"href":"https:\/\/aula-jugendlager.ch\/aula-2-0\/en\/wp-json\/wp\/v2\/users\/1"}],"replies":[{"embeddable":true,"href":"https:\/\/aula-jugendlager.ch\/aula-2-0\/en\/wp-json\/wp\/v2\/comments?post=35"}],"version-history":[{"count":16,"href":"https:\/\/aula-jugendlager.ch\/aula-2-0\/en\/wp-json\/wp\/v2\/pages\/35\/revisions"}],"predecessor-version":[{"id":5208,"href":"https:\/\/aula-jugendlager.ch\/aula-2-0\/en\/wp-json\/wp\/v2\/pages\/35\/revisions\/5208"}],"wp:attachment":[{"href":"https:\/\/aula-jugendlager.ch\/aula-2-0\/en\/wp-json\/wp\/v2\/media?parent=35"}],"curies":[{"name":"wp","href":"https:\/\/api.w.org\/{rel}","templated":true}]}}